{"id":131753,"date":"2024-10-14T13:19:38","date_gmt":"2024-10-14T11:19:38","guid":{"rendered":"https:\/\/amadeu-antonio-stiftung.de\/tacheles_3-einjahrnachdem7-oktober\/"},"modified":"2026-03-30T13:23:32","modified_gmt":"2026-03-30T11:23:32","slug":"tacheles_3-einjahrnachdem7-oktober","status":"publish","type":"page","link":"https:\/\/www.amadeu-antonio-stiftung.de\/en\/tacheles_3-einjahrnachdem7-oktober\/","title":{"rendered":"[tacheles_3]: Ein Jahr nach dem 7. Oktober"},"content":{"rendered":"","protected":false},"excerpt":{"rendered":"<p class=\"leading-tight xs:hidden md:leading-base md:text-inherit md:block\">Ein Jahr nach dem 7. Oktober. Ein Jahr nach dem Hamas-Massaker vom 7.Oktober 2023. Immer noch \u00fcber hundert Geiseln in den H\u00e4nden Von Terroristen. In Gaza tobt Krieg, aus dem Libanon und dem Iran wird Israel mit Raketen beschossen. W\u00e4hrenddessen wird j\u00fcdisches Leben in Deutschland und dem Rest der Welt massiv bedroht. Was hei\u00dft es ganz praktisch, was im letzten Jahr passiert ist und wie geht es jetzt weiter? Was tun gegen Antisemitismus nach dem 7. Oktober?<\/p>\n","protected":false},"author":2341,"featured_media":158015,"parent":0,"menu_order":0,"comment_status":"closed","ping_status":"closed","template":"","meta":{"footnotes":""},"categories":[1617],"class_list":["post-131753","page","type-page","status-publish","has-post-thumbnail","hentry","category-anti-semitism"],"content_relations":[],"yoast_head":"<!-- This site is optimized with the Yoast SEO plugin v27.4 - https:\/\/yoast.com\/product\/yoast-seo-wordpress\/ -->\n<title>[tacheles_3]: Ein Jahr nach dem 7. Oktober - Amadeu Antonio Stiftung<\/title>\n<meta name=\"description\" content=\"Ein Jahr nach dem Hamas-Massaker vom 7. Oktober 2023. Immer noch \u00fcber hundert Geiseln in den H\u00e4nden von Terroristen. In Gaza tobt Krieg, aus dem Libanon und dem Iran wird Israel mit Raketen beschossen. W\u00e4hrenddessen wird j\u00fcdisches Leben in Deutschland, Europa und dem Rest der Welt massiv bedroht. Angriffe, Schmierereien, Drohkulissen auf den Stra\u00dfen. Was hei\u00dft das ganz praktisch, was ist im letzten Jahr passiert und wie geht es jetzt weiter? Was tun gegen Antisemitismus nach dem 7. Oktober? Das wollen wir thematisieren, wollen wir besprechen. Dazu erscheinen Beitr\u00e4ge von wechselnden Autor:innen in der neuen Staffel [tacheles_3] auf Belltower.News und hier.\" \/>\n<meta name=\"robots\" content=\"index, follow, max-snippet:-1, max-image-preview:large, max-video-preview:-1\" \/>\n<link rel=\"canonical\" href=\"https:\/\/www.amadeu-antonio-stiftung.de\/antisemitismus\/lagebild-antisemitismus-digital\/tacheles_3-einjahrnachdem7-oktober\/\" \/>\n<meta property=\"og:locale\" content=\"en_US\" \/>\n<meta property=\"og:type\" content=\"article\" \/>\n<meta property=\"og:title\" content=\"[tacheles_3]: Ein Jahr nach dem 7. Oktober - Amadeu Antonio Stiftung\" \/>\n<meta property=\"og:description\" content=\"Ein Jahr nach dem Hamas-Massaker vom 7. Oktober 2023. Immer noch \u00fcber hundert Geiseln in den H\u00e4nden von Terroristen. In Gaza tobt Krieg, aus dem Libanon und dem Iran wird Israel mit Raketen beschossen. W\u00e4hrenddessen wird j\u00fcdisches Leben in Deutschland, Europa und dem Rest der Welt massiv bedroht. Angriffe, Schmierereien, Drohkulissen auf den Stra\u00dfen. Was hei\u00dft das ganz praktisch, was ist im letzten Jahr passiert und wie geht es jetzt weiter? Was tun gegen Antisemitismus nach dem 7. Oktober? Das wollen wir thematisieren, wollen wir besprechen. Dazu erscheinen Beitr\u00e4ge von wechselnden Autor:innen in der neuen Staffel [tacheles_3] auf Belltower.News und hier.\" \/>\n<meta property=\"og:url\" content=\"https:\/\/www.amadeu-antonio-stiftung.de\/antisemitismus\/lagebild-antisemitismus-digital\/tacheles_3-einjahrnachdem7-oktober\/\" \/>\n<meta property=\"og:site_name\" content=\"Amadeu Antonio Stiftung\" \/>\n<meta property=\"article:publisher\" content=\"https:\/\/www.facebook.com\/AmadeuAntonioStiftung\" \/>\n<meta property=\"article:modified_time\" content=\"2026-03-30T11:23:32+00:00\" \/>\n<meta property=\"og:image\" content=\"https:\/\/www.amadeu-antonio-stiftung.de\/wp-content\/uploads\/2024\/10\/tacheles_32.png\" \/>\n\t<meta property=\"og:image:width\" content=\"1920\" \/>\n\t<meta property=\"og:image:height\" content=\"576\" \/>\n\t<meta property=\"og:image:type\" content=\"image\/png\" \/>\n<meta name=\"twitter:card\" content=\"summary_large_image\" \/>\n<meta name=\"twitter:site\" content=\"@AmadeuAntonio\" \/>\n<meta name=\"twitter:label1\" content=\"Est. reading time\" \/>\n\t<meta name=\"twitter:data1\" content=\"1 minute\" \/>\n<script type=\"application\/ld+json\" class=\"yoast-schema-graph\">{\"@context\":\"https:\\\/\\\/schema.org\",\"@graph\":[{\"@type\":\"WebPage\",\"@id\":\"https:\\\/\\\/www.amadeu-antonio-stiftung.de\\\/antisemitismus\\\/lagebild-antisemitismus-digital\\\/tacheles_3-einjahrnachdem7-oktober\\\/\",\"url\":\"https:\\\/\\\/www.amadeu-antonio-stiftung.de\\\/antisemitismus\\\/lagebild-antisemitismus-digital\\\/tacheles_3-einjahrnachdem7-oktober\\\/\",\"name\":\"[tacheles_3]: Ein Jahr nach dem 7. Oktober - Amadeu Antonio Stiftung\",\"isPartOf\":{\"@id\":\"https:\\\/\\\/www.amadeu-antonio-stiftung.de\\\/#website\"},\"primaryImageOfPage\":{\"@id\":\"https:\\\/\\\/www.amadeu-antonio-stiftung.de\\\/antisemitismus\\\/lagebild-antisemitismus-digital\\\/tacheles_3-einjahrnachdem7-oktober\\\/#primaryimage\"},\"image\":{\"@id\":\"https:\\\/\\\/www.amadeu-antonio-stiftung.de\\\/antisemitismus\\\/lagebild-antisemitismus-digital\\\/tacheles_3-einjahrnachdem7-oktober\\\/#primaryimage\"},\"thumbnailUrl\":\"https:\\\/\\\/www.amadeu-antonio-stiftung.de\\\/wp-content\\\/uploads\\\/2024\\\/10\\\/tacheles_32.png\",\"datePublished\":\"2024-10-14T11:19:38+00:00\",\"dateModified\":\"2026-03-30T11:23:32+00:00\",\"description\":\"Ein Jahr nach dem Hamas-Massaker vom 7. Oktober 2023. Immer noch \u00fcber hundert Geiseln in den H\u00e4nden von Terroristen. In Gaza tobt Krieg, aus dem Libanon und dem Iran wird Israel mit Raketen beschossen. W\u00e4hrenddessen wird j\u00fcdisches Leben in Deutschland, Europa und dem Rest der Welt massiv bedroht. Angriffe, Schmierereien, Drohkulissen auf den Stra\u00dfen. Was hei\u00dft das ganz praktisch, was ist im letzten Jahr passiert und wie geht es jetzt weiter? Was tun gegen Antisemitismus nach dem 7. Oktober? Das wollen wir thematisieren, wollen wir besprechen. Dazu erscheinen Beitr\u00e4ge von wechselnden Autor:innen in der neuen Staffel [tacheles_3] auf Belltower.News und hier.\",\"breadcrumb\":{\"@id\":\"https:\\\/\\\/www.amadeu-antonio-stiftung.de\\\/antisemitismus\\\/lagebild-antisemitismus-digital\\\/tacheles_3-einjahrnachdem7-oktober\\\/#breadcrumb\"},\"inLanguage\":\"en-US\",\"potentialAction\":[{\"@type\":\"ReadAction\",\"target\":[\"https:\\\/\\\/www.amadeu-antonio-stiftung.de\\\/antisemitismus\\\/lagebild-antisemitismus-digital\\\/tacheles_3-einjahrnachdem7-oktober\\\/\"]}]},{\"@type\":\"ImageObject\",\"inLanguage\":\"en-US\",\"@id\":\"https:\\\/\\\/www.amadeu-antonio-stiftung.de\\\/antisemitismus\\\/lagebild-antisemitismus-digital\\\/tacheles_3-einjahrnachdem7-oktober\\\/#primaryimage\",\"url\":\"https:\\\/\\\/www.amadeu-antonio-stiftung.de\\\/wp-content\\\/uploads\\\/2024\\\/10\\\/tacheles_32.png\",\"contentUrl\":\"https:\\\/\\\/www.amadeu-antonio-stiftung.de\\\/wp-content\\\/uploads\\\/2024\\\/10\\\/tacheles_32.png\",\"width\":1920,\"height\":576,\"caption\":\"Beitragsfoto Aktionswochen tacheles\"},{\"@type\":\"BreadcrumbList\",\"@id\":\"https:\\\/\\\/www.amadeu-antonio-stiftung.de\\\/antisemitismus\\\/lagebild-antisemitismus-digital\\\/tacheles_3-einjahrnachdem7-oktober\\\/#breadcrumb\",\"itemListElement\":[{\"@type\":\"ListItem\",\"position\":1,\"name\":\"Home\",\"item\":\"https:\\\/\\\/www.amadeu-antonio-stiftung.de\\\/en\\\/\"},{\"@type\":\"ListItem\",\"position\":2,\"name\":\"[tacheles_3]: Ein Jahr nach dem 7. Oktober\"}]},{\"@type\":\"WebSite\",\"@id\":\"https:\\\/\\\/www.amadeu-antonio-stiftung.de\\\/#website\",\"url\":\"https:\\\/\\\/www.amadeu-antonio-stiftung.de\\\/\",\"name\":\"Amadeu Antonio Stiftung\",\"description\":\"\",\"publisher\":{\"@id\":\"https:\\\/\\\/www.amadeu-antonio-stiftung.de\\\/#organization\"},\"potentialAction\":[{\"@type\":\"SearchAction\",\"target\":{\"@type\":\"EntryPoint\",\"urlTemplate\":\"https:\\\/\\\/www.amadeu-antonio-stiftung.de\\\/?s={search_term_string}\"},\"query-input\":{\"@type\":\"PropertyValueSpecification\",\"valueRequired\":true,\"valueName\":\"search_term_string\"}}],\"inLanguage\":\"en-US\"},{\"@type\":\"Organization\",\"@id\":\"https:\\\/\\\/www.amadeu-antonio-stiftung.de\\\/#organization\",\"name\":\"Amadeu Antonio Stiftung\",\"url\":\"https:\\\/\\\/www.amadeu-antonio-stiftung.de\\\/\",\"logo\":{\"@type\":\"ImageObject\",\"inLanguage\":\"en-US\",\"@id\":\"https:\\\/\\\/www.amadeu-antonio-stiftung.de\\\/#\\\/schema\\\/logo\\\/image\\\/\",\"url\":\"https:\\\/\\\/www.amadeu-antonio-stiftung.de\\\/wp-content\\\/uploads\\\/2023\\\/02\\\/hp-antifem1.png\",\"contentUrl\":\"https:\\\/\\\/www.amadeu-antonio-stiftung.de\\\/wp-content\\\/uploads\\\/2023\\\/02\\\/hp-antifem1.png\",\"width\":1920,\"height\":1080,\"caption\":\"Amadeu Antonio Stiftung\"},\"image\":{\"@id\":\"https:\\\/\\\/www.amadeu-antonio-stiftung.de\\\/#\\\/schema\\\/logo\\\/image\\\/\"},\"sameAs\":[\"https:\\\/\\\/www.facebook.com\\\/AmadeuAntonioStiftung\",\"https:\\\/\\\/x.com\\\/AmadeuAntonio\",\"https:\\\/\\\/www.instagram.com\\\/amadeuantoniofoundation\\\/\"]}]}<\/script>\n<!-- \/ Yoast SEO plugin. -->","yoast_head_json":{"title":"[tacheles_3]: Ein Jahr nach dem 7. Oktober - Amadeu Antonio Stiftung","description":"Ein Jahr nach dem Hamas-Massaker vom 7. Oktober 2023. Immer noch \u00fcber hundert Geiseln in den H\u00e4nden von Terroristen. In Gaza tobt Krieg, aus dem Libanon und dem Iran wird Israel mit Raketen beschossen. W\u00e4hrenddessen wird j\u00fcdisches Leben in Deutschland, Europa und dem Rest der Welt massiv bedroht. Angriffe, Schmierereien, Drohkulissen auf den Stra\u00dfen. Was hei\u00dft das ganz praktisch, was ist im letzten Jahr passiert und wie geht es jetzt weiter? Was tun gegen Antisemitismus nach dem 7. Oktober? Das wollen wir thematisieren, wollen wir besprechen. Dazu erscheinen Beitr\u00e4ge von wechselnden Autor:innen in der neuen Staffel [tacheles_3] auf Belltower.News und hier.","robots":{"index":"index","follow":"follow","max-snippet":"max-snippet:-1","max-image-preview":"max-image-preview:large","max-video-preview":"max-video-preview:-1"},"canonical":"https:\/\/www.amadeu-antonio-stiftung.de\/antisemitismus\/lagebild-antisemitismus-digital\/tacheles_3-einjahrnachdem7-oktober\/","og_locale":"en_US","og_type":"article","og_title":"[tacheles_3]: Ein Jahr nach dem 7. Oktober - Amadeu Antonio Stiftung","og_description":"Ein Jahr nach dem Hamas-Massaker vom 7. Oktober 2023. Immer noch \u00fcber hundert Geiseln in den H\u00e4nden von Terroristen. In Gaza tobt Krieg, aus dem Libanon und dem Iran wird Israel mit Raketen beschossen. W\u00e4hrenddessen wird j\u00fcdisches Leben in Deutschland, Europa und dem Rest der Welt massiv bedroht. Angriffe, Schmierereien, Drohkulissen auf den Stra\u00dfen. Was hei\u00dft das ganz praktisch, was ist im letzten Jahr passiert und wie geht es jetzt weiter? Was tun gegen Antisemitismus nach dem 7. Oktober? Das wollen wir thematisieren, wollen wir besprechen. Dazu erscheinen Beitr\u00e4ge von wechselnden Autor:innen in der neuen Staffel [tacheles_3] auf Belltower.News und hier.","og_url":"https:\/\/www.amadeu-antonio-stiftung.de\/antisemitismus\/lagebild-antisemitismus-digital\/tacheles_3-einjahrnachdem7-oktober\/","og_site_name":"Amadeu Antonio Stiftung","article_publisher":"https:\/\/www.facebook.com\/AmadeuAntonioStiftung","article_modified_time":"2026-03-30T11:23:32+00:00","og_image":[{"width":1920,"height":576,"url":"https:\/\/www.amadeu-antonio-stiftung.de\/wp-content\/uploads\/2024\/10\/tacheles_32.png","type":"image\/png"}],"twitter_card":"summary_large_image","twitter_site":"@AmadeuAntonio","twitter_misc":{"Est. reading time":"1 minute"},"schema":{"@context":"https:\/\/schema.org","@graph":[{"@type":"WebPage","@id":"https:\/\/www.amadeu-antonio-stiftung.de\/antisemitismus\/lagebild-antisemitismus-digital\/tacheles_3-einjahrnachdem7-oktober\/","url":"https:\/\/www.amadeu-antonio-stiftung.de\/antisemitismus\/lagebild-antisemitismus-digital\/tacheles_3-einjahrnachdem7-oktober\/","name":"[tacheles_3]: Ein Jahr nach dem 7. Oktober - Amadeu Antonio Stiftung","isPartOf":{"@id":"https:\/\/www.amadeu-antonio-stiftung.de\/#website"},"primaryImageOfPage":{"@id":"https:\/\/www.amadeu-antonio-stiftung.de\/antisemitismus\/lagebild-antisemitismus-digital\/tacheles_3-einjahrnachdem7-oktober\/#primaryimage"},"image":{"@id":"https:\/\/www.amadeu-antonio-stiftung.de\/antisemitismus\/lagebild-antisemitismus-digital\/tacheles_3-einjahrnachdem7-oktober\/#primaryimage"},"thumbnailUrl":"https:\/\/www.amadeu-antonio-stiftung.de\/wp-content\/uploads\/2024\/10\/tacheles_32.png","datePublished":"2024-10-14T11:19:38+00:00","dateModified":"2026-03-30T11:23:32+00:00","description":"Ein Jahr nach dem Hamas-Massaker vom 7. Oktober 2023. Immer noch \u00fcber hundert Geiseln in den H\u00e4nden von Terroristen. In Gaza tobt Krieg, aus dem Libanon und dem Iran wird Israel mit Raketen beschossen. W\u00e4hrenddessen wird j\u00fcdisches Leben in Deutschland, Europa und dem Rest der Welt massiv bedroht. Angriffe, Schmierereien, Drohkulissen auf den Stra\u00dfen. Was hei\u00dft das ganz praktisch, was ist im letzten Jahr passiert und wie geht es jetzt weiter? Was tun gegen Antisemitismus nach dem 7. Oktober? Das wollen wir thematisieren, wollen wir besprechen. Dazu erscheinen Beitr\u00e4ge von wechselnden Autor:innen in der neuen Staffel [tacheles_3] auf Belltower.News und hier.","breadcrumb":{"@id":"https:\/\/www.amadeu-antonio-stiftung.de\/antisemitismus\/lagebild-antisemitismus-digital\/tacheles_3-einjahrnachdem7-oktober\/#breadcrumb"},"inLanguage":"en-US","potentialAction":[{"@type":"ReadAction","target":["https:\/\/www.amadeu-antonio-stiftung.de\/antisemitismus\/lagebild-antisemitismus-digital\/tacheles_3-einjahrnachdem7-oktober\/"]}]},{"@type":"ImageObject","inLanguage":"en-US","@id":"https:\/\/www.amadeu-antonio-stiftung.de\/antisemitismus\/lagebild-antisemitismus-digital\/tacheles_3-einjahrnachdem7-oktober\/#primaryimage","url":"https:\/\/www.amadeu-antonio-stiftung.de\/wp-content\/uploads\/2024\/10\/tacheles_32.png","contentUrl":"https:\/\/www.amadeu-antonio-stiftung.de\/wp-content\/uploads\/2024\/10\/tacheles_32.png","width":1920,"height":576,"caption":"Beitragsfoto Aktionswochen tacheles"},{"@type":"BreadcrumbList","@id":"https:\/\/www.amadeu-antonio-stiftung.de\/antisemitismus\/lagebild-antisemitismus-digital\/tacheles_3-einjahrnachdem7-oktober\/#breadcrumb","itemListElement":[{"@type":"ListItem","position":1,"name":"Home","item":"https:\/\/www.amadeu-antonio-stiftung.de\/en\/"},{"@type":"ListItem","position":2,"name":"[tacheles_3]: Ein Jahr nach dem 7. Oktober"}]},{"@type":"WebSite","@id":"https:\/\/www.amadeu-antonio-stiftung.de\/#website","url":"https:\/\/www.amadeu-antonio-stiftung.de\/","name":"Amadeu Antonio Stiftung","description":"","publisher":{"@id":"https:\/\/www.amadeu-antonio-stiftung.de\/#organization"},"potentialAction":[{"@type":"SearchAction","target":{"@type":"EntryPoint","urlTemplate":"https:\/\/www.amadeu-antonio-stiftung.de\/?s={search_term_string}"},"query-input":{"@type":"PropertyValueSpecification","valueRequired":true,"valueName":"search_term_string"}}],"inLanguage":"en-US"},{"@type":"Organization","@id":"https:\/\/www.amadeu-antonio-stiftung.de\/#organization","name":"Amadeu Antonio Stiftung","url":"https:\/\/www.amadeu-antonio-stiftung.de\/","logo":{"@type":"ImageObject","inLanguage":"en-US","@id":"https:\/\/www.amadeu-antonio-stiftung.de\/#\/schema\/logo\/image\/","url":"https:\/\/www.amadeu-antonio-stiftung.de\/wp-content\/uploads\/2023\/02\/hp-antifem1.png","contentUrl":"https:\/\/www.amadeu-antonio-stiftung.de\/wp-content\/uploads\/2023\/02\/hp-antifem1.png","width":1920,"height":1080,"caption":"Amadeu Antonio Stiftung"},"image":{"@id":"https:\/\/www.amadeu-antonio-stiftung.de\/#\/schema\/logo\/image\/"},"sameAs":["https:\/\/www.facebook.com\/AmadeuAntonioStiftung","https:\/\/x.com\/AmadeuAntonio","https:\/\/www.instagram.com\/amadeuantoniofoundation\/"]}]}},"_links":{"self":[{"href":"https:\/\/www.amadeu-antonio-stiftung.de\/en\/wp-json\/wp\/v2\/pages\/131753","targetHints":{"allow":["GET"]}}],"collection":[{"href":"https:\/\/www.amadeu-antonio-stiftung.de\/en\/wp-json\/wp\/v2\/pages"}],"about":[{"href":"https:\/\/www.amadeu-antonio-stiftung.de\/en\/wp-json\/wp\/v2\/types\/page"}],"author":[{"embeddable":true,"href":"https:\/\/www.amadeu-antonio-stiftung.de\/en\/wp-json\/wp\/v2\/users\/2341"}],"replies":[{"embeddable":true,"href":"https:\/\/www.amadeu-antonio-stiftung.de\/en\/wp-json\/wp\/v2\/comments?post=131753"}],"version-history":[{"count":2,"href":"https:\/\/www.amadeu-antonio-stiftung.de\/en\/wp-json\/wp\/v2\/pages\/131753\/revisions"}],"predecessor-version":[{"id":158021,"href":"https:\/\/www.amadeu-antonio-stiftung.de\/en\/wp-json\/wp\/v2\/pages\/131753\/revisions\/158021"}],"wp:featuredmedia":[{"embeddable":true,"href":"https:\/\/www.amadeu-antonio-stiftung.de\/en\/wp-json\/wp\/v2\/media\/158015"}],"wp:attachment":[{"href":"https:\/\/www.amadeu-antonio-stiftung.de\/en\/wp-json\/wp\/v2\/media?parent=131753"}],"wp:term":[{"taxonomy":"category","embeddable":true,"href":"https:\/\/www.amadeu-antonio-stiftung.de\/en\/wp-json\/wp\/v2\/categories?post=131753"}],"curies":[{"name":"wp","href":"https:\/\/api.w.org\/{rel}","templated":true}]}}